{"id":362,"date":"2022-02-03T06:11:39","date_gmt":"2022-02-03T06:11:39","guid":{"rendered":"https:\/\/codesymbol.com\/themes\/tres\/production-data\/?page_id=362"},"modified":"2023-09-18T07:19:36","modified_gmt":"2023-09-18T07:19:36","slug":"our-services","status":"publish","type":"page","link":"https:\/\/trauzimmer.com\/?page_id=362","title":{"rendered":"das bin ich"},"content":{"rendered":"<div class=\"row space\"><div class=\"container-boxed clearfix\"><div class=\"column one-half\" style=\"text-align:left;\"><figure ><img src=\"https:\/\/trauzimmer.com\/wp-content\/uploads\/2023\/08\/IMG_8818.jpg\" alt=\"\" \/><\/figure><\/div><div class=\"column one-half last\" style=\"text-align:left;\"><div class=\"text-block\" style=\"text-align:left;\">\n<h4>Ich, Peter Gwiazda.<\/h4>\n<p>Ich bin Fotograf, Familienpapa, Tausendsassa, gl\u00fccklicher Mensch. Das ist aber f\u00fcr f\u00fcr Dich vermutlich nichts Neues.\u00a0Was genau also soll ich \u00fcber mich selbst schreiben? Oder soll ich den Vorstellungstext einfach weg und die Fotografien f\u00fcr sich sprechen lassen? Ich bin mir nicht sicher. Die Fotografie hat mich 2003 in ihren Bann gezogen. Eher zuf\u00e4llig als geplant. Zu der Zeit hab ich studiert. Die Entscheidung das Studium abzubrechen ist mir nicht schwer gefallen, daf\u00fcr war das Thema einfach zu wenig meins. 2004 habe ich dann eine Ausbildung zum Fotografen begonnen und diese 2007 abgeschlossen. Nach einem kurzen Intermezzo als freier Fotograf habe ich 2008 eine zweite Ausbildung zum Medien-Gestalter mit Schwerpunkt Bildbearbeitung begonnen und diese 2010 abgeschlossen. Es folgten 5 spannende Jahre in einem Werbestudio mit Lithographie-Abteilung. Seit 2015 bin ich wieder als freischaffender Fotograf t\u00e4tig.<\/p>\n<\/div><div class=\"dividerr\" style=\"height:20px;\"><\/div><\/div><div class=\"column one-whole last\" style=\"text-align:left;\"><div class=\"text-block\" style=\"text-align:left;\">\n<h2 style=\"text-align: center;\">Das Gesamtpaket einer Hochzeit besteht aus 3 Faktoren:<br \/>\nDem Bildstil &#8211; der nat\u00fcrlich gefallen muss.<br \/>\nDer Chemie &#8211;\u00a0 die stimmen muss.<br \/>\nDem Preis &#8211; der gerechtfertigt sein sollte.<\/h2>\n<\/div><div class=\"dividerr\" style=\"height:80px;\"><\/div><\/div><\/div><\/div><div class=\"row space\"><div class=\"container-boxed clearfix\"><div class=\"column one-third\" style=\"text-align:left;\"><div class=\"icon-box\"><span class=\"icon icon-camera\"><\/span><span class=\"title\">Bildstil<\/span><div class=\"text\">\n<p>F\u00fcr mich ist der Bildstil, eigentlich der wichtigste Faktor, wenn es darum geht einen Fotografen zu suchen bzw. zu finden. Immerhin, m\u00f6chtet Ihr Euch die Bilder auch in 10, 20 oder 40 Jahren noch ansehen. Wenn der Bildstil Euch heute gef\u00e4llt, dann gef\u00e4llt er Euch auch nach Jahren noch.<br \/>\nNat\u00fcrlich wird sich das allgemeine Verst\u00e4ndnis von Fotografie und Bildstilen mit den Jahren \u00e4ndern. Das war schon immer so und ist gar nicht zu vermeiden. Aber gute Bilder sind die Voraussetzung daf\u00fcr, dass Ihr auch nach Jahren noch zufrieden seid<\/p>\n<p style=\"margin-bottom:0;\">&nbsp;<\/p>\n<\/div><\/div><\/div><div class=\"column one-third\" style=\"text-align:left;\"><div class=\"icon-box\"><span class=\"icon icon-ello\"><\/span><span class=\"title\">Zwischenmenschliches<\/span><div class=\"text\">\n<p>Menschen sind unterschiedlich. Manche sind leise. Manche laut. Manche sensibel. Manche aufgedreht. Manche m\u00fcrrisch. Manche fr\u00f6hlich. Als Ihr Euch gefunden habt, habt Ihr bereits den Deckel f\u00fcr Euren Topf gefunden.<br \/>\nEigentlich k\u00f6nnte es also egal sein, wer die Bilder macht. Nur das es das eben nicht ist. Wenn die Chemie beim Fotografieren nicht stimmt, ist es problematisch.<br \/>\nDeshalb ist die Chemie der zweite wichtige Faktor bei der Suche nach einem Fotografen. Nehmt Euch die Zeit. Lernt Euren Fotografen kennen. Wir sind Teil eines der sch\u00f6nsten Tage Eures Lebens.<\/p>\n<p style=\"margin-bottom:0;\">&nbsp;<\/p>\n<\/div><\/div><\/div><div class=\"column one-third last\" style=\"text-align:left;\"><div class=\"icon-box\"><span class=\"icon icon-stats-bars2\"><\/span><span class=\"title\">Preis<\/span><div class=\"text\">\n<p>Der Preis ist nat\u00fcrlich genauso wichtig. Ich erkl\u00e4re kurz, warum Hochzeitsbilder mehr kosten, als ein Portraitshooting:<br \/>\nIch habe sehr viele Hochzeiten fotografiert, bis ich wirklich das Know-How hatte, das ich jetzt habe. All diese Hochzeiten haben dazu gef\u00fchrt, dass ich eine gewisse Qualit\u00e4t liefern kann.<br \/>\nEin weiterer Punkt ist, dass die Reportage einer Hochzeit einfach viel Arbeit ist, auch wenn es eine wundervolle Arbeit ist. Es darf an diesem Tag nichts schief gehen . Man kann unm\u00f6glich eine Hochzeit wiederholen. Der Stresslevel ist also recht hoch.<br \/>\nW\u00e4hrend einer Hochzeit produziere ich mehrere tausend Bilder, damit Ihr genau die Bilder bekommt, die Euch auch nach Jahren noch ein L\u00e4cheln ins Gesicht zaubern.<\/p>\n<\/div><\/div><div class=\"dividerr\" style=\"height:20px;\"><\/div><\/div><div class=\"column one-whole last\" style=\"background-image:url('https:\/\/trauzimmer.com\/wp-content\/uploads\/2023\/07\/trauzimmer_paaraufnahmen_048.jpg');background-size:cover;background-attachment:scroll;text-align:left;\"><div class=\"dividerr\" style=\"height:400px;\"><\/div><\/div><div class=\"column one-third\" style=\"text-align:left;border-top:4 solid;border-right:4 solid;border-bottom:4 solid;border-left:4 solid;border-top-color:#b68857;border-right-color:#b68857;border-bottom-color:#b68857;border-left-color:#b68857;\"><div class=\"dividerr\" style=\"height:50px;\"><\/div><div class=\"image-box\"><img src=\"https:\/\/trauzimmer.com\/wp-content\/uploads\/2023\/07\/trauzimmer_23_3Farben_RZ.jpg\" alt=\"\"><span class=\"title\">Hochzeitsreportage - Basic<\/span><div class=\"text\">\n<p>Im Grunde umfasst das Basispaket alles, was den Kern Eurer Hochzeit ausmacht. Ich fotografiere die Trauung, die Details, Eure G\u00e4ste, wenn sie nicht damit rechnen. Wir machen Gruppenbilder und schie\u00dfen individuelle Paaraufnahmen. Wenn alles im Kasten ist, herze ich Euch und fahre nach Hause.<\/p>\n<\/div><\/div><\/div><div class=\"column one-third\" style=\"text-align:left;border-top:1 solid;border-right:1 solid;border-bottom:1 solid;border-left:1 solid;border-top-color:#b68857;border-right-color:#b68857;border-bottom-color:#b68857;border-left-color:#b68857;\"><div class=\"dividerr\" style=\"height:50px;\"><\/div><div class=\"image-box\"><img src=\"https:\/\/trauzimmer.com\/wp-content\/uploads\/2023\/07\/trauzimmer_23_3Farben_RZ2-e1689767034249.jpg\" alt=\"\"><span class=\"title\">Hochzeitsreportage - Premium<\/span><div class=\"text\">Nat\u00fcrlich beinhaltet dieses Paket alles, was das Basispaket beinhaltet. Hinzu kommt, dass ich Eure Vorbereitungen fotografisch begleite. Ob im Hotel, bei der Mama, beim Friseur oder wo auch immer. Ich bin da. Ganz gleich, wann es losgeht. Die Bilder sind immer besonders, weil man die Spannung des Tages sehen kann.<\/p>\n<\/div><\/div><\/div><div class=\"column one-third last\" style=\"text-align:left;border-top:1 solid;border-right:1 solid;border-bottom:1 solid;border-left:1 solid;border-top-color:#b68857;border-right-color:#b68857;border-bottom-color:#b68857;border-left-color:#b68857;\"><div class=\"dividerr\" style=\"height:50px;\"><\/div><div class=\"image-box\"><img src=\"https:\/\/trauzimmer.com\/wp-content\/uploads\/2023\/07\/trauzimmer_23_3Farben_RZ3.jpg\" alt=\"\"><span class=\"title\">Hochzeitsreportage - Superior<\/span><div class=\"text\">\n<p>Beim Basis- und beim Premiumpaket verlasse ich Euch sp\u00e4testens, wenn Ihr das Buffet er\u00f6ffnet. Superior bedeutet, dass ich dar\u00fcber hinaus bleibe. Nicht um zu essen (das mache ich grunds\u00e4tzlich nicht auf Hochzeiten, also bitte nicht mit einplanen), sondern um auch Eure Hochzeitsfeier festzuhalten.<\/p>\n<p style=\"margin-bottom:0;\">&nbsp;<\/p>\n<\/div><\/div><\/div><div class=\"column one-third\" style=\"text-align:left;\"><div class=\"text-block\" style=\"text-align:left;\">\n<h4>ab 1.000,- Euro<\/h4>\n<\/div><\/div><div class=\"column one-third\" style=\"text-align:left;\"><div class=\"text-block\" style=\"text-align:left;\">\n<h4>ab 1.400,- Euro<\/h4>\n<\/div><\/div><div class=\"column one-third last\" style=\"text-align:left;\"><div class=\"text-block\" style=\"text-align:left;\">\n<h4>ab 1.800,- Euro<\/h4>\n<\/div><div class=\"dividerr\" style=\"height:110px;\"><\/div><\/div><\/div><\/div>\n","protected":false},"excerpt":{"rendered":"","protected":false},"author":1,"featured_media":0,"parent":0,"menu_order":0,"comment_status":"closed","ping_status":"closed","template":"template-fullwidth.php","meta":{"footnotes":""},"_links":{"self":[{"href":"https:\/\/trauzimmer.com\/index.php?rest_route=\/wp\/v2\/pages\/362"}],"collection":[{"href":"https:\/\/trauzimmer.com\/index.php?rest_route=\/wp\/v2\/pages"}],"about":[{"href":"https:\/\/trauzimmer.com\/index.php?rest_route=\/wp\/v2\/types\/page"}],"author":[{"embeddable":true,"href":"https:\/\/trauzimmer.com\/index.php?rest_route=\/wp\/v2\/users\/1"}],"replies":[{"embeddable":true,"href":"https:\/\/trauzimmer.com\/index.php?rest_route=%2Fwp%2Fv2%2Fcomments&post=362"}],"version-history":[{"count":36,"href":"https:\/\/trauzimmer.com\/index.php?rest_route=\/wp\/v2\/pages\/362\/revisions"}],"predecessor-version":[{"id":1101,"href":"https:\/\/trauzimmer.com\/index.php?rest_route=\/wp\/v2\/pages\/362\/revisions\/1101"}],"wp:attachment":[{"href":"https:\/\/trauzimmer.com\/index.php?rest_route=%2Fwp%2Fv2%2Fmedia&parent=362"}],"curies":[{"name":"wp","href":"https:\/\/api.w.org\/{rel}","templated":true}]}}